{"id":990147,"date":"2024-12-18T21:10:02","date_gmt":"2024-12-18T20:10:02","guid":{"rendered":"https:\/\/finmechanical.com\/?page_id=990147"},"modified":"2024-12-18T21:30:10","modified_gmt":"2024-12-18T20:30:10","slug":"cookie-policy","status":"publish","type":"page","link":"https:\/\/finmechanical.com\/es\/cookie-policy\/","title":{"rendered":"Cookie Policy"},"content":{"rendered":"<div data-elementor-type=\"wp-page\" data-elementor-id=\"990147\" class=\"elementor elementor-990147\" data-elementor-post-type=\"page\">\n\t\t\t\t\t\t<section class=\"elementor-section elementor-top-section elementor-element elementor-element-ac4e796 elementor-section-full_width elementor-section-height-min-height elementor-section-stretched elementor-section-height-default elementor-section-items-middle\" data-id=\"ac4e796\" data-element_type=\"section\" data-e-type=\"section\" data-settings=\"{&quot;background_background&quot;:&quot;classic&quot;,&quot;stretch_section&quot;:&quot;section-stretched&quot;}\">\n\t\t\t\t\t\t<div class=\"elementor-container elementor-column-gap-default\">\n\t\t\t\t\t<div class=\"elementor-column elementor-col-100 elementor-top-column elementor-element elementor-element-3c1db8f\" data-id=\"3c1db8f\" data-element_type=\"column\" data-e-type=\"column\">\n\t\t\t<div class=\"elementor-widget-wrap\">\n\t\t\t\t\t\t\t<\/div>\n\t\t<\/div>\n\t\t\t\t\t<\/div>\n\t\t<\/section>\n\t\t\t\t<section class=\"elementor-section elementor-top-section elementor-element elementor-element-ca7dc3d elementor-section-boxed elementor-section-height-default elementor-section-height-default\" data-id=\"ca7dc3d\" data-element_type=\"section\" data-e-type=\"section\" data-settings=\"{&quot;background_background&quot;:&quot;classic&quot;}\">\n\t\t\t\t\t\t<div class=\"elementor-container elementor-column-gap-no\">\n\t\t\t\t\t<div class=\"elementor-column elementor-col-100 elementor-top-column elementor-element elementor-element-7a99355\" data-id=\"7a99355\" data-element_type=\"column\" data-e-type=\"column\">\n\t\t\t<div class=\"elementor-widget-wrap elementor-element-populated\">\n\t\t\t\t\t\t<div class=\"elementor-element elementor-element-8edbc01 elementor-widget elementor-widget-heading\" data-id=\"8edbc01\" data-element_type=\"widget\" data-e-type=\"widget\" data-widget_type=\"heading.default\">\n\t\t\t\t<div class=\"elementor-widget-container\">\n\t\t\t\t\t<h2 class=\"elementor-heading-title elementor-size-default\">Cookie Policy\n<\/h2>\t\t\t\t<\/div>\n\t\t\t\t<\/div>\n\t\t\t\t\t<\/div>\n\t\t<\/div>\n\t\t\t\t\t<\/div>\n\t\t<\/section>\n\t\t\t\t<section class=\"elementor-section elementor-top-section elementor-element elementor-element-a0f8c5b elementor-section-content-bottom elementor-section-boxed elementor-section-height-default elementor-section-height-default\" data-id=\"a0f8c5b\" data-element_type=\"section\" data-e-type=\"section\">\n\t\t\t\t\t\t<div class=\"elementor-container elementor-column-gap-no\">\n\t\t\t\t\t<div class=\"elementor-column elementor-col-100 elementor-top-column elementor-element elementor-element-2645db4\" data-id=\"2645db4\" data-element_type=\"column\" data-e-type=\"column\">\n\t\t\t<div class=\"elementor-widget-wrap elementor-element-populated\">\n\t\t\t\t\t\t<div class=\"elementor-element elementor-element-4fa8bf9 elementor-widget elementor-widget-text-editor\" data-id=\"4fa8bf9\" data-element_type=\"widget\" data-e-type=\"widget\" data-widget_type=\"text-editor.default\">\n\t\t\t\t<div class=\"elementor-widget-container\">\n\t\t\t\t\t\t\t\t\t<p style=\"margin: 0cm; line-height: 18.75pt;\"><strong><span style=\"font-size: 10.5pt; font-family: 'Open Sans', sans-serif; color: #888888; padding: 0cm; border: 1pt none windowtext;\">Informaci\u00f3n sobre el uso de cookies<\/span><\/strong><span style=\"font-size: 10.5pt; font-family: 'Open Sans',sans-serif; color: #888888;\"><br \/>Este sitio web utiliza cookies y galletas para garantizar el correcto funcionamiento de los procesos y mejorar la experiencia de usuario de las aplicaciones en l\u00ednea.<br \/>Este documento proporciona informaci\u00f3n sobre el uso de cookies y tecnolog\u00edas similares.<\/span><\/p><p style=\"margin: 0cm; line-height: 18.75pt; outline: 0px; font-variant-ligatures: normal; font-variant-caps: normal;\"><strong style=\"outline: 0px;\"><span style=\"font-size: 10.5pt; font-family: 'Open Sans', sans-serif; color: #888888; padding: 0cm; border: 1pt none windowtext;\">Definici\u00f3n<\/span><\/strong><\/p><p style=\"margin: 0cm; line-height: 18.75pt; outline: 0px; font-variant-ligatures: normal; font-variant-caps: normal;\"><span style=\"font-size: 10.5pt; font-family: 'Open Sans',sans-serif; color: #888888;\">Las cookies son breves fragmentos de texto (letras y\/o n\u00fameros) que permiten al servidor web almacenar informaci\u00f3n en el ordenador del cliente (el navegador) que se reutiliza durante la misma visita al sitio (cookies de sesi\u00f3n) o posteriormente, incluso d\u00edas despu\u00e9s (cookies persistentes). Las cookies se almacenan, seg\u00fan las preferencias del usuario, en el navegador individual del dispositivo espec\u00edfico utilizado (ordenador, tableta, smartphone).<\/span><\/p><p style=\"margin: 0cm; line-height: 18.75pt; outline: 0px; font-variant-ligatures: normal; font-variant-caps: normal;\"><span style=\"font-size: 10.5pt; font-family: 'Open Sans',sans-serif; color: #888888;\">Tecnolog\u00edas similares, como las balizas web, los GIF transparentes y todas las formas de almacenamiento local introducidas con HTML5, pueden utilizarse para recopilar informaci\u00f3n sobre el comportamiento de los usuarios y el uso de los servicios.<\/span><\/p><p style=\"margin: 0cm; line-height: 18.75pt; outline: 0px; font-variant-ligatures: normal; font-variant-caps: normal;\"><span style=\"font-size: 10.5pt; font-family: 'Open Sans',sans-serif; color: #888888;\">En el resto de este documento nos referiremos a las cookies y a todas las tecnolog\u00edas similares utilizando simplemente el t\u00e9rmino \u00abcookies\u00bb.<\/span><\/p><p style=\"margin: 0cm; line-height: 18.75pt; outline: 0px; font-variant-ligatures: normal; font-variant-caps: normal;\"><strong style=\"outline: 0px;\"><span style=\"font-size: 10.5pt; font-family: 'Open Sans', sans-serif; color: #888888; padding: 0cm; border: 1pt none windowtext;\">Tipo de cookies<\/span><\/strong><\/p><p style=\"margin: 0cm; line-height: 18.75pt; outline: 0px; font-variant-ligatures: normal; font-variant-caps: normal;\"><span style=\"font-size: 10.5pt; font-family: 'Open Sans',sans-serif; color: #888888;\">En funci\u00f3n de las caracter\u00edsticas y el uso de las cookies, podemos distinguir diferentes categor\u00edas:<\/span><\/p><p style=\"margin: 0cm; line-height: 18.75pt; outline: 0px; font-variant-ligatures: normal; font-variant-caps: normal;\"><span style=\"font-size: 10.5pt; font-family: 'Open Sans',sans-serif; color: #888888;\">Cookies t\u00e9cnicas. Las cookies t\u00e9cnicas son aquellas que se utilizan con la \u00fanica finalidad de \u00abefectuar la transmisi\u00f3n de una comunicaci\u00f3n por una red de comunicaciones electr\u00f3nicas, o en la medida estrictamente necesaria para que el prestador de un servicio de la sociedad de la informaci\u00f3n expresamente solicitado por el abonado o usuario pueda prestar dicho servicio\u00bb. No se utilizan para ning\u00fan otro fin y normalmente los instala directamente el propietario o administrador del servidor web. Pueden dividirse en cookies de navegaci\u00f3n o de sesi\u00f3n, que garantizan la navegaci\u00f3n y el uso normal del sitio web; cookies de an\u00e1lisis, asimilables a las cookies t\u00e9cnicas, en las que el administrador del sitio las utiliza directamente para recopilar informaci\u00f3n, de forma agregada, sobre el n\u00famero de usuarios y la forma en que visitan el sitio; cookies de funcionalidad, que permiten al usuario navegar de acuerdo con una serie de criterios seleccionados para mejorar el servicio prestado al usuario. Los usuarios no est\u00e1n obligados a dar su consentimiento previo para la instalaci\u00f3n de dichas cookies, si bien se les puede solicitar que faciliten informaci\u00f3n de la forma que se considere m\u00e1s adecuada.<\/span><\/p><p style=\"margin: 0cm; line-height: 18.75pt; outline: 0px; font-variant-ligatures: normal; font-variant-caps: normal;\"><span style=\"font-size: 10.5pt; font-family: 'Open Sans',sans-serif; color: #888888;\">Cookies de perfil. Las cookies de perfil tienen como objetivo crear perfiles de usuario y se utilizan para enviar mensajes publicitarios en l\u00ednea con las preferencias expresadas por el usuario al navegar por la web. Debido a la especial invasividad que estos dispositivos pueden tener en la esfera privada de los usuarios, la legislaci\u00f3n establece que el usuario debe ser adecuadamente informado sobre su uso y, por tanto, expresar su consentimiento v\u00e1lido. Este sitio no utiliza cookies de elaboraci\u00f3n de perfiles.<\/span><\/p><p style=\"margin: 0cm; line-height: 18.75pt; outline: 0px; font-variant-ligatures: normal; font-variant-caps: normal;\"><strong style=\"outline: 0px;\"><span style=\"font-size: 10.5pt; font-family: 'Open Sans', sans-serif; color: #888888; padding: 0cm; border: 1pt none windowtext;\">Cookies de terceros<\/span><\/strong><\/p><p style=\"margin: 0cm; line-height: 18.75pt; outline: 0px; font-variant-ligatures: normal; font-variant-caps: normal;\"><span style=\"font-size: 10.5pt; font-family: 'Open Sans',sans-serif; color: #888888;\">Al visitar el sitio web, se pueden recibir cookies tanto del sitio visitado (\u00abpropietarios\u00bb) como de sitios gestionados por otras organizaciones (\u00abterceros\u00bb). Un ejemplo notable es la presencia de \u00abiframes\u00bb, \u00abscripts\u00bb o \u00abplugins sociales\u00bb de Facebook, Twitter, Google y LinkedIn. Se trata de partes de la p\u00e1gina visitada generadas directamente por los sitios mencionados e integradas en la p\u00e1gina del sitio anfitri\u00f3n. El uso m\u00e1s habitual de los plugins sociales es compartir contenidos en las redes sociales.<\/span><\/p><p style=\"margin: 0cm; line-height: 18.75pt; outline: 0px; font-variant-ligatures: normal; font-variant-caps: normal;\"><span style=\"font-size: 10.5pt; font-family: 'Open Sans',sans-serif; color: #888888;\">La presencia de estos plugins implica la transmisi\u00f3n de cookies hacia y desde todos los sitios operados por terceros. La gesti\u00f3n de la informaci\u00f3n recopilada por \u00abterceros\u00bb se rige por las pol\u00edticas pertinentes a las que por favor consulte.<\/span><\/p><p style=\"margin: 0cm; line-height: 18.75pt; outline: 0px; font-variant-ligatures: normal; font-variant-caps: normal;\"><strong style=\"outline: 0px;\"><span style=\"font-size: 10.5pt; font-family: 'Open Sans', sans-serif; color: #888888; padding: 0cm; border: 1pt none windowtext;\">Duraci\u00f3n de las cookies<\/span><\/strong><\/p><p style=\"margin: 0cm; line-height: 18.75pt; outline: 0px; font-variant-ligatures: normal; font-variant-caps: normal;\"><span style=\"font-size: 10.5pt; font-family: 'Open Sans',sans-serif; color: #888888;\">Algunas cookies (cookies de sesi\u00f3n) permanecen activas s\u00f3lo hasta que se cierra el navegador o se ejecuta el comando de cierre de sesi\u00f3n. Otras cookies \u00absobreviven\u00bb cuando se cierra el navegador y est\u00e1n disponibles en posteriores visitas del usuario. Estas cookies se denominan persistentes y su duraci\u00f3n es fijada por el servidor en el momento de su creaci\u00f3n. En algunos casos se fija una fecha de caducidad, en otros la duraci\u00f3n es ilimitada.<\/span><\/p><p style=\"margin: 0cm; line-height: 18.75pt; outline: 0px; font-variant-ligatures: normal; font-variant-caps: normal;\"><strong style=\"outline: 0px;\"><span style=\"font-size: 10.5pt; font-family: 'Open Sans', sans-serif; color: #888888; padding: 0cm; border: 1pt none windowtext;\">Gesti\u00f3n de cookies<\/span><\/strong><\/p><p style=\"margin: 0cm; line-height: 18.75pt; outline: 0px; font-variant-ligatures: normal; font-variant-caps: normal;\"><span style=\"font-size: 10.5pt; font-family: 'Open Sans',sans-serif; color: #888888;\">Los usuarios pueden decidir si aceptan o no las cookies mediante la configuraci\u00f3n de su navegador.<\/span><\/p><p style=\"margin: 0cm; line-height: 18.75pt; outline: 0px; font-variant-ligatures: normal; font-variant-caps: normal;\"><span style=\"font-size: 10.5pt; font-family: 'Open Sans',sans-serif; color: #888888;\">Atenci\u00f3n: la desactivaci\u00f3n total o parcial de las cookies t\u00e9cnicas puede afectar al uso de las funcionalidades del sitio reservadas a los usuarios registrados. Por el contrario, la usabilidad de los contenidos p\u00fablicos tambi\u00e9n es posible desactivando totalmente las cookies.<\/span><\/p><p style=\"margin: 0cm; line-height: 18.75pt; outline: 0px; font-variant-ligatures: normal; font-variant-caps: normal;\"><span style=\"font-size: 10.5pt; font-family: 'Open Sans',sans-serif; color: #888888;\">La desactivaci\u00f3n de las cookies de \u00abterceros\u00bb no afecta en modo alguno a la navegabilidad.<\/span><\/p><p><span style=\"font-size: 10.5pt; line-height: 107%; font-family: 'Open Sans',sans-serif; mso-fareast-font-family: Calibri; mso-fareast-theme-font: minor-latin; color: #888888; mso-ansi-language: IT; mso-fareast-language: EN-US; mso-bidi-language: AR-SA;\">Los ajustes pueden definirse espec\u00edficamente para diferentes sitios y aplicaciones web. Adem\u00e1s, los mejores navegadores permiten diferentes configuraciones para cookies \u00abpropias\u00bb y \u00abde terceros\u00bb.<\/span><\/p>\t\t\t\t\t\t\t\t<\/div>\n\t\t\t\t<\/div>\n\t\t\t\t\t<\/div>\n\t\t<\/div>\n\t\t\t\t\t<\/div>\n\t\t<\/section>\n\t\t\t\t<section class=\"elementor-section elementor-top-section elementor-element elementor-element-efba0f5 elementor-section-content-middle elementor-section-boxed elementor-section-height-default elementor-section-height-default\" data-id=\"efba0f5\" data-element_type=\"section\" data-e-type=\"section\" data-settings=\"{&quot;background_background&quot;:&quot;classic&quot;}\">\n\t\t\t\t\t\t<div class=\"elementor-container elementor-column-gap-no\">\n\t\t\t\t\t<div class=\"elementor-column elementor-col-100 elementor-top-column elementor-element elementor-element-252601c\" data-id=\"252601c\" data-element_type=\"column\" data-e-type=\"column\">\n\t\t\t<div class=\"elementor-widget-wrap\">\n\t\t\t\t\t\t\t<\/div>\n\t\t<\/div>\n\t\t\t\t\t<\/div>\n\t\t<\/section>\n\t\t\t\t<\/div>","protected":false},"excerpt":{"rendered":"<p>Cookie Policy Informazione sui cookieQuesto sito web utilizza cookie e cookie per garantire la corretta funzionalit\u00e0 dei procedimenti e migliorare l\u2019esperienza di utilizzo delle applicazioni in linea.Questo documento proporziona le informazioni sull\u2019uso dei cookie e delle tecnologie simili. Definizione I cookie sono brevi porzioni di testo (lettere e \/ o numeri) che consentono al server&#8230;<\/p>","protected":false},"author":1,"featured_media":0,"parent":0,"menu_order":0,"comment_status":"closed","ping_status":"closed","template":"","meta":{"footnotes":""},"class_list":["post-990147","page","type-page","status-publish","hentry"],"_links":{"self":[{"href":"https:\/\/finmechanical.com\/es\/wp-json\/wp\/v2\/pages\/990147","targetHints":{"allow":["GET"]}}],"collection":[{"href":"https:\/\/finmechanical.com\/es\/wp-json\/wp\/v2\/pages"}],"about":[{"href":"https:\/\/finmechanical.com\/es\/wp-json\/wp\/v2\/types\/page"}],"author":[{"embeddable":true,"href":"https:\/\/finmechanical.com\/es\/wp-json\/wp\/v2\/users\/1"}],"replies":[{"embeddable":true,"href":"https:\/\/finmechanical.com\/es\/wp-json\/wp\/v2\/comments?post=990147"}],"version-history":[{"count":19,"href":"https:\/\/finmechanical.com\/es\/wp-json\/wp\/v2\/pages\/990147\/revisions"}],"predecessor-version":[{"id":990167,"href":"https:\/\/finmechanical.com\/es\/wp-json\/wp\/v2\/pages\/990147\/revisions\/990167"}],"wp:attachment":[{"href":"https:\/\/finmechanical.com\/es\/wp-json\/wp\/v2\/media?parent=990147"}],"curies":[{"name":"wp","href":"https:\/\/api.w.org\/{rel}","templated":true}]}}